{"id":1779,"date":"2019-10-15T13:15:20","date_gmt":"2019-10-15T13:15:20","guid":{"rendered":"https:\/\/www.dc-bled.si\/clinics\/outpatient-clinic-activity\/urology\/urolosko-usmerjeni-preventivni-pregled\/"},"modified":"2026-01-14T11:39:28","modified_gmt":"2026-01-14T11:39:28","slug":"healthy-prostate-preventive-program","status":"publish","type":"page","link":"https:\/\/www.dc-bled.si\/en\/clinics\/outpatient-clinic-activity\/urology\/healthy-prostate-preventive-program\/","title":{"rendered":"Healthy prostate preventive program"},"content":{"rendered":"","protected":false},"excerpt":{"rendered":"","protected":false},"author":4,"featured_media":0,"parent":1529,"menu_order":8,"comment_status":"closed","ping_status":"closed","template":"","meta":{"_acf_changed":false,"footnotes":""},"class_list":["post-1779","page","type-page","status-publish","hentry"],"acf":[],"yoast_head":"<!-- This site is optimized with the Yoast SEO Premium plugin v14.9 - https:\/\/yoast.com\/wordpress\/plugins\/seo\/ -->\n<title>Healthy prostate preventive program | Diagnosti\u010dni center Bled<\/title>\n<meta name=\"description\" content=\"Opt for the targeted urology preventive examination to thoroughly examine the health of your urinary system.\" \/>\n<meta name=\"robots\" content=\"index, follow, max-snippet:-1, max-image-preview:large, max-video-preview:-1\" \/>\n<link rel=\"canonical\" href=\"https:\/\/www.dc-bled.si\/en\/clinics\/outpatient-clinic-activity\/urology\/healthy-prostate-preventive-program\/\" \/>\n<meta property=\"og:locale\" content=\"en_US\" \/>\n<meta property=\"og:type\" content=\"article\" \/>\n<meta property=\"og:title\" content=\"Urolo\u0161ko usmerjeni preventivni pregled | Diagnosti\u010dni center Bled\" \/>\n<meta property=\"og:description\" content=\"Odlo\u010dite se za specialisti\u010dni pregled v Diagnosti\u010dnem centru Bled in pravo\u010dasno prepre\u010dite te\u017eave s prostato, mehurjem, ledvi\u010dnimi kamni in tumorji se\u010dil.\" \/>\n<meta property=\"og:url\" content=\"https:\/\/www.dc-bled.si\/en\/clinics\/outpatient-clinic-activity\/urology\/healthy-prostate-preventive-program\/\" \/>\n<meta property=\"og:site_name\" content=\"Diagnosti\u010dni center Bled\" \/>\n<meta property=\"article:modified_time\" content=\"2026-01-14T11:39:28+00:00\" \/>\n<meta property=\"og:image\" content=\"https:\/\/www.dc-bled.si\/wp-content\/uploads\/2023\/01\/og-logo.jpg\" \/>\n\t<meta property=\"og:image:width\" content=\"1200\" \/>\n\t<meta property=\"og:image:height\" content=\"630\" \/>\n<meta name=\"twitter:card\" content=\"summary_large_image\" \/>\n<script type=\"application\/ld+json\" class=\"yoast-schema-graph\">{\"@context\":\"https:\/\/schema.org\",\"@graph\":[{\"@type\":\"Organization\",\"@id\":\"https:\/\/www.dc-bled.si\/en\/#organization\",\"name\":\"Diagnosti\\u010dni center Bled\",\"url\":\"https:\/\/www.dc-bled.si\/en\/\",\"sameAs\":[],\"logo\":{\"@type\":\"ImageObject\",\"@id\":\"https:\/\/www.dc-bled.si\/en\/#logo\",\"inLanguage\":\"en-US\",\"url\":\"https:\/\/www.dc-bled.si\/wp-content\/uploads\/2019\/09\/dc_bled.svg\",\"width\":483,\"height\":70,\"caption\":\"Diagnosti\\u010dni center Bled\"},\"image\":{\"@id\":\"https:\/\/www.dc-bled.si\/en\/#logo\"}},{\"@type\":\"WebSite\",\"@id\":\"https:\/\/www.dc-bled.si\/en\/#website\",\"url\":\"https:\/\/www.dc-bled.si\/en\/\",\"name\":\"Diagnosti\\u010dni center Bled\",\"description\":\"Bled, Ljubljana, Novo Mesto\",\"publisher\":{\"@id\":\"https:\/\/www.dc-bled.si\/en\/#organization\"},\"potentialAction\":[{\"@type\":\"SearchAction\",\"target\":\"https:\/\/www.dc-bled.si\/en\/?s={search_term_string}\",\"query-input\":\"required name=search_term_string\"}],\"inLanguage\":\"en-US\"},{\"@type\":\"WebPage\",\"@id\":\"https:\/\/www.dc-bled.si\/en\/clinics\/outpatient-clinic-activity\/urology\/healthy-prostate-preventive-program\/#webpage\",\"url\":\"https:\/\/www.dc-bled.si\/en\/clinics\/outpatient-clinic-activity\/urology\/healthy-prostate-preventive-program\/\",\"name\":\"Healthy prostate preventive program | Diagnosti\\u010dni center Bled\",\"isPartOf\":{\"@id\":\"https:\/\/www.dc-bled.si\/en\/#website\"},\"datePublished\":\"2019-10-15T13:15:20+00:00\",\"dateModified\":\"2026-01-14T11:39:28+00:00\",\"description\":\"Opt for the targeted urology preventive examination to thoroughly examine the health of your urinary system.\",\"breadcrumb\":{\"@id\":\"https:\/\/www.dc-bled.si\/en\/clinics\/outpatient-clinic-activity\/urology\/healthy-prostate-preventive-program\/#breadcrumb\"},\"inLanguage\":\"en-US\",\"potentialAction\":[{\"@type\":\"ReadAction\",\"target\":[\"https:\/\/www.dc-bled.si\/en\/clinics\/outpatient-clinic-activity\/urology\/healthy-prostate-preventive-program\/\"]}]},{\"@type\":\"BreadcrumbList\",\"@id\":\"https:\/\/www.dc-bled.si\/en\/clinics\/outpatient-clinic-activity\/urology\/healthy-prostate-preventive-program\/#breadcrumb\",\"itemListElement\":[{\"@type\":\"ListItem\",\"position\":1,\"item\":{\"@type\":\"WebPage\",\"@id\":\"https:\/\/www.dc-bled.si\/en\/\",\"url\":\"https:\/\/www.dc-bled.si\/en\/\",\"name\":\"DC Bled\"}},{\"@type\":\"ListItem\",\"position\":2,\"item\":{\"@type\":\"WebPage\",\"@id\":\"https:\/\/www.dc-bled.si\/en\/ambulante\/\",\"url\":\"https:\/\/www.dc-bled.si\/en\/ambulante\/\",\"name\":\"Clinics\"}},{\"@type\":\"ListItem\",\"position\":3,\"item\":{\"@type\":\"WebPage\",\"@id\":\"https:\/\/www.dc-bled.si\/en\/ambulante\/ambulantna-dejavnost\/\",\"url\":\"https:\/\/www.dc-bled.si\/en\/ambulante\/ambulantna-dejavnost\/\",\"name\":\"Outpatient clinic activity\"}},{\"@type\":\"ListItem\",\"position\":4,\"item\":{\"@type\":\"WebPage\",\"@id\":\"https:\/\/www.dc-bled.si\/en\/clinics\/outpatient-clinic-activity\/urology\/\",\"url\":\"https:\/\/www.dc-bled.si\/en\/clinics\/outpatient-clinic-activity\/urology\/\",\"name\":\"Urology\"}},{\"@type\":\"ListItem\",\"position\":5,\"item\":{\"@type\":\"WebPage\",\"@id\":\"https:\/\/www.dc-bled.si\/en\/clinics\/outpatient-clinic-activity\/urology\/healthy-prostate-preventive-program\/\",\"url\":\"https:\/\/www.dc-bled.si\/en\/clinics\/outpatient-clinic-activity\/urology\/healthy-prostate-preventive-program\/\",\"name\":\"Healthy prostate preventive program\"}}]}]}<\/script>\n<!-- \/ Yoast SEO Premium plugin. -->","_links":{"self":[{"href":"https:\/\/www.dc-bled.si\/en\/wp-json\/wp\/v2\/pages\/1779","targetHints":{"allow":["GET"]}}],"collection":[{"href":"https:\/\/www.dc-bled.si\/en\/wp-json\/wp\/v2\/pages"}],"about":[{"href":"https:\/\/www.dc-bled.si\/en\/wp-json\/wp\/v2\/types\/page"}],"author":[{"embeddable":true,"href":"https:\/\/www.dc-bled.si\/en\/wp-json\/wp\/v2\/users\/4"}],"replies":[{"embeddable":true,"href":"https:\/\/www.dc-bled.si\/en\/wp-json\/wp\/v2\/comments?post=1779"}],"version-history":[{"count":23,"href":"https:\/\/www.dc-bled.si\/en\/wp-json\/wp\/v2\/pages\/1779\/revisions"}],"predecessor-version":[{"id":105652,"href":"https:\/\/www.dc-bled.si\/en\/wp-json\/wp\/v2\/pages\/1779\/revisions\/105652"}],"up":[{"embeddable":true,"href":"https:\/\/www.dc-bled.si\/en\/wp-json\/wp\/v2\/pages\/1529"}],"wp:attachment":[{"href":"https:\/\/www.dc-bled.si\/en\/wp-json\/wp\/v2\/media?parent=1779"}],"curies":[{"name":"wp","href":"https:\/\/api.w.org\/{rel}","templated":true}]}}