{"id":1837,"date":"2019-10-16T08:10:14","date_gmt":"2019-10-16T08:10:14","guid":{"rendered":"https:\/\/www.dc-bled.si\/clinics\/outpatient-clinic-activity\/kardiologija\/ultrazvok-vratnega-ozilja\/"},"modified":"2019-12-05T07:59:55","modified_gmt":"2019-12-05T07:59:55","slug":"ultrazvok-vratnega-ozilja","status":"publish","type":"page","link":"https:\/\/www.dc-bled.si\/en\/clinics\/outpatient-clinic-activity\/kardiologija\/ultrazvok-vratnega-ozilja\/","title":{"rendered":"Ultrasound of the carotid arteries"},"content":{"rendered":"","protected":false},"excerpt":{"rendered":"","protected":false},"author":5,"featured_media":0,"parent":1547,"menu_order":0,"comment_status":"closed","ping_status":"closed","template":"","meta":{"_acf_changed":false,"footnotes":""},"class_list":["post-1837","page","type-page","status-publish","hentry"],"acf":[],"yoast_head":"<!-- This site is optimized with the Yoast SEO Premium plugin v14.9 - https:\/\/yoast.com\/wordpress\/plugins\/seo\/ -->\n<title>Ultrasound of the carotid arteries | Diagnosti\u010dni center Bled<\/title>\n<meta name=\"description\" content=\"Ultrazvok vratnega o\u017eilja ali arterij omogo\u010da vpogled v notranjost \u017eil. Preiskavo opravljamo na vratnih \u017eilah, ker so \u017eile na tem mestu najla\u017eje dostopne.\" \/>\n<meta name=\"robots\" content=\"index, follow, max-snippet:-1, max-image-preview:large, max-video-preview:-1\" \/>\n<link rel=\"canonical\" href=\"https:\/\/www.dc-bled.si\/en\/clinics\/outpatient-clinic-activity\/kardiologija\/ultrazvok-vratnega-ozilja\/\" \/>\n<meta property=\"og:locale\" content=\"en_US\" \/>\n<meta property=\"og:type\" content=\"article\" \/>\n<meta property=\"og:title\" content=\"Ultrazvok vratnega o\u017eilja | Diagnosti\u010dni center Bled\" \/>\n<meta property=\"og:description\" content=\"Ultrazvok vratnega o\u017eilja ali arterij omogo\u010da vpogled v notranjost \u017eil. Preiskavo opravljamo na vratnih \u017eilah, ker so \u017eile na tem mestu najla\u017eje dostopne, so dokaj \u0161iroke in tik pod povr\u0161ino ko\u017ee.\" \/>\n<meta property=\"og:url\" content=\"https:\/\/www.dc-bled.si\/en\/clinics\/outpatient-clinic-activity\/kardiologija\/ultrazvok-vratnega-ozilja\/\" \/>\n<meta property=\"og:site_name\" content=\"Diagnosti\u010dni center Bled\" \/>\n<meta property=\"article:modified_time\" content=\"2019-12-05T07:59:55+00:00\" \/>\n<meta property=\"og:image\" content=\"https:\/\/www.dc-bled.si\/wp-content\/uploads\/2019\/10\/header-enterologija.jpg\" \/>\n\t<meta property=\"og:image:width\" content=\"1092\" \/>\n\t<meta property=\"og:image:height\" content=\"284\" \/>\n<meta name=\"twitter:card\" content=\"summary_large_image\" \/>\n<script type=\"application\/ld+json\" class=\"yoast-schema-graph\">{\"@context\":\"https:\/\/schema.org\",\"@graph\":[{\"@type\":\"Organization\",\"@id\":\"https:\/\/www.dc-bled.si\/en\/#organization\",\"name\":\"Diagnosti\\u010dni center Bled\",\"url\":\"https:\/\/www.dc-bled.si\/en\/\",\"sameAs\":[],\"logo\":{\"@type\":\"ImageObject\",\"@id\":\"https:\/\/www.dc-bled.si\/en\/#logo\",\"inLanguage\":\"en-US\",\"url\":\"https:\/\/www.dc-bled.si\/wp-content\/uploads\/2019\/09\/dc_bled.svg\",\"width\":483,\"height\":70,\"caption\":\"Diagnosti\\u010dni center Bled\"},\"image\":{\"@id\":\"https:\/\/www.dc-bled.si\/en\/#logo\"}},{\"@type\":\"WebSite\",\"@id\":\"https:\/\/www.dc-bled.si\/en\/#website\",\"url\":\"https:\/\/www.dc-bled.si\/en\/\",\"name\":\"Diagnosti\\u010dni center Bled\",\"description\":\"Bled, Ljubljana, Novo Mesto\",\"publisher\":{\"@id\":\"https:\/\/www.dc-bled.si\/en\/#organization\"},\"potentialAction\":[{\"@type\":\"SearchAction\",\"target\":\"https:\/\/www.dc-bled.si\/en\/?s={search_term_string}\",\"query-input\":\"required name=search_term_string\"}],\"inLanguage\":\"en-US\"},{\"@type\":\"WebPage\",\"@id\":\"https:\/\/www.dc-bled.si\/en\/clinics\/outpatient-clinic-activity\/kardiologija\/ultrazvok-vratnega-ozilja\/#webpage\",\"url\":\"https:\/\/www.dc-bled.si\/en\/clinics\/outpatient-clinic-activity\/kardiologija\/ultrazvok-vratnega-ozilja\/\",\"name\":\"Ultrasound of the carotid arteries | Diagnosti\\u010dni center Bled\",\"isPartOf\":{\"@id\":\"https:\/\/www.dc-bled.si\/en\/#website\"},\"datePublished\":\"2019-10-16T08:10:14+00:00\",\"dateModified\":\"2019-12-05T07:59:55+00:00\",\"description\":\"Ultrazvok vratnega o\\u017eilja ali arterij omogo\\u010da vpogled v notranjost \\u017eil. Preiskavo opravljamo na vratnih \\u017eilah, ker so \\u017eile na tem mestu najla\\u017eje dostopne.\",\"breadcrumb\":{\"@id\":\"https:\/\/www.dc-bled.si\/en\/clinics\/outpatient-clinic-activity\/kardiologija\/ultrazvok-vratnega-ozilja\/#breadcrumb\"},\"inLanguage\":\"en-US\",\"potentialAction\":[{\"@type\":\"ReadAction\",\"target\":[\"https:\/\/www.dc-bled.si\/en\/clinics\/outpatient-clinic-activity\/kardiologija\/ultrazvok-vratnega-ozilja\/\"]}]},{\"@type\":\"BreadcrumbList\",\"@id\":\"https:\/\/www.dc-bled.si\/en\/clinics\/outpatient-clinic-activity\/kardiologija\/ultrazvok-vratnega-ozilja\/#breadcrumb\",\"itemListElement\":[{\"@type\":\"ListItem\",\"position\":1,\"item\":{\"@type\":\"WebPage\",\"@id\":\"https:\/\/www.dc-bled.si\/en\/\",\"url\":\"https:\/\/www.dc-bled.si\/en\/\",\"name\":\"DC Bled\"}},{\"@type\":\"ListItem\",\"position\":2,\"item\":{\"@type\":\"WebPage\",\"@id\":\"https:\/\/www.dc-bled.si\/en\/ambulante\/\",\"url\":\"https:\/\/www.dc-bled.si\/en\/ambulante\/\",\"name\":\"Clinics\"}},{\"@type\":\"ListItem\",\"position\":3,\"item\":{\"@type\":\"WebPage\",\"@id\":\"https:\/\/www.dc-bled.si\/en\/ambulante\/ambulantna-dejavnost\/\",\"url\":\"https:\/\/www.dc-bled.si\/en\/ambulante\/ambulantna-dejavnost\/\",\"name\":\"Outpatient clinic activity\"}},{\"@type\":\"ListItem\",\"position\":4,\"item\":{\"@type\":\"WebPage\",\"@id\":\"https:\/\/www.dc-bled.si\/en\/ambulante\/ambulantna-dejavnost\/kardiologija\/\",\"url\":\"https:\/\/www.dc-bled.si\/en\/ambulante\/ambulantna-dejavnost\/kardiologija\/\",\"name\":\"Cardiology\"}},{\"@type\":\"ListItem\",\"position\":5,\"item\":{\"@type\":\"WebPage\",\"@id\":\"https:\/\/www.dc-bled.si\/en\/clinics\/outpatient-clinic-activity\/kardiologija\/ultrazvok-vratnega-ozilja\/\",\"url\":\"https:\/\/www.dc-bled.si\/en\/clinics\/outpatient-clinic-activity\/kardiologija\/ultrazvok-vratnega-ozilja\/\",\"name\":\"Ultrasound of the carotid arteries\"}}]}]}<\/script>\n<!-- \/ Yoast SEO Premium plugin. -->","_links":{"self":[{"href":"https:\/\/www.dc-bled.si\/en\/wp-json\/wp\/v2\/pages\/1837","targetHints":{"allow":["GET"]}}],"collection":[{"href":"https:\/\/www.dc-bled.si\/en\/wp-json\/wp\/v2\/pages"}],"about":[{"href":"https:\/\/www.dc-bled.si\/en\/wp-json\/wp\/v2\/types\/page"}],"author":[{"embeddable":true,"href":"https:\/\/www.dc-bled.si\/en\/wp-json\/wp\/v2\/users\/5"}],"replies":[{"embeddable":true,"href":"https:\/\/www.dc-bled.si\/en\/wp-json\/wp\/v2\/comments?post=1837"}],"version-history":[{"count":6,"href":"https:\/\/www.dc-bled.si\/en\/wp-json\/wp\/v2\/pages\/1837\/revisions"}],"predecessor-version":[{"id":3039,"href":"https:\/\/www.dc-bled.si\/en\/wp-json\/wp\/v2\/pages\/1837\/revisions\/3039"}],"up":[{"embeddable":true,"href":"https:\/\/www.dc-bled.si\/en\/wp-json\/wp\/v2\/pages\/1547"}],"wp:attachment":[{"href":"https:\/\/www.dc-bled.si\/en\/wp-json\/wp\/v2\/media?parent=1837"}],"curies":[{"name":"wp","href":"https:\/\/api.w.org\/{rel}","templated":true}]}}