{"id":1928,"date":"2019-10-16T13:23:08","date_gmt":"2019-10-16T13:23:08","guid":{"rendered":"https:\/\/www.dc-bled.si\/clinics\/outpatient-clinic-activity\/orthopaedics\/prp-zdravljenje-vnetij-tetiv-zaradi-poskodb-in-zdravljenje-zacetnih-obrab-velikih-sklepov\/"},"modified":"2019-12-05T08:40:18","modified_gmt":"2019-12-05T08:40:18","slug":"prp-zdravljenje-vnetij-tetiv-zaradi-poskodb-in-zdravljenje-zacetnih-obrab-velikih-sklepov","status":"publish","type":"page","link":"https:\/\/www.dc-bled.si\/en\/clinics\/outpatient-clinic-activity\/ortopedija\/prp-zdravljenje-vnetij-tetiv-zaradi-poskodb-in-zdravljenje-zacetnih-obrab-velikih-sklepov\/","title":{"rendered":"Injections of concentrated autologous platelet-rich plasma \u2013 acp\/prp (autologous conditioned plasma \/ platelet-rich plasma)"},"content":{"rendered":"","protected":false},"excerpt":{"rendered":"","protected":false},"author":5,"featured_media":0,"parent":1564,"menu_order":0,"comment_status":"closed","ping_status":"closed","template":"","meta":{"_acf_changed":false,"footnotes":""},"class_list":["post-1928","page","type-page","status-publish","hentry"],"acf":[],"yoast_head":"<!-- This site is optimized with the Yoast SEO Premium plugin v14.9 - https:\/\/yoast.com\/wordpress\/plugins\/seo\/ -->\n<title>PRP - Zdravljenje vnetij tetiv za\u010detnih obrab velikih sklepov | DC Bled<\/title>\n<meta name=\"description\" content=\"Za aplikacijo hialuronske kisline v sklep (koleno, kolk, gle\u017eenj) se odlo\u010dimo, kadar ugotovimo bole\u010do gibljivost zaradi obrabe sklepa.\" \/>\n<meta name=\"robots\" content=\"index, follow, max-snippet:-1, max-image-preview:large, max-video-preview:-1\" \/>\n<link rel=\"canonical\" href=\"https:\/\/www.dc-bled.si\/en\/clinics\/outpatient-clinic-activity\/ortopedija\/prp-zdravljenje-vnetij-tetiv-zaradi-poskodb-in-zdravljenje-zacetnih-obrab-velikih-sklepov\/\" \/>\n<meta property=\"og:locale\" content=\"en_US\" \/>\n<meta property=\"og:type\" content=\"article\" \/>\n<meta property=\"og:title\" content=\"PRP - Zdravljenje vnetij tetiv za\u010detnih obrab velikih sklepov | DC Bled\" \/>\n<meta property=\"og:description\" content=\"PRP je krvna plazma, obogatena s trombociti (angle\u0161ko Platelet Rich Plasma). Z uporabo teh celic iz lastne pacientove krvi omogo\u010dimo hitrej\u0161e celjenje in obnovitve tkiva po po\u0161kodbah ali ob obrabi sklepov.\" \/>\n<meta property=\"og:url\" content=\"https:\/\/www.dc-bled.si\/en\/clinics\/outpatient-clinic-activity\/ortopedija\/prp-zdravljenje-vnetij-tetiv-zaradi-poskodb-in-zdravljenje-zacetnih-obrab-velikih-sklepov\/\" \/>\n<meta property=\"og:site_name\" content=\"Diagnosti\u010dni center Bled\" \/>\n<meta property=\"article:modified_time\" content=\"2019-12-05T08:40:18+00:00\" \/>\n<meta property=\"og:image\" content=\"https:\/\/www.dc-bled.si\/wp-content\/uploads\/2019\/10\/header-enterologija.jpg\" \/>\n\t<meta property=\"og:image:width\" content=\"1092\" \/>\n\t<meta property=\"og:image:height\" content=\"284\" \/>\n<meta name=\"twitter:card\" content=\"summary_large_image\" \/>\n<script type=\"application\/ld+json\" class=\"yoast-schema-graph\">{\"@context\":\"https:\/\/schema.org\",\"@graph\":[{\"@type\":\"Organization\",\"@id\":\"https:\/\/www.dc-bled.si\/en\/#organization\",\"name\":\"Diagnosti\\u010dni center Bled\",\"url\":\"https:\/\/www.dc-bled.si\/en\/\",\"sameAs\":[],\"logo\":{\"@type\":\"ImageObject\",\"@id\":\"https:\/\/www.dc-bled.si\/en\/#logo\",\"inLanguage\":\"en-US\",\"url\":\"https:\/\/www.dc-bled.si\/wp-content\/uploads\/2019\/09\/dc_bled.svg\",\"width\":483,\"height\":70,\"caption\":\"Diagnosti\\u010dni center Bled\"},\"image\":{\"@id\":\"https:\/\/www.dc-bled.si\/en\/#logo\"}},{\"@type\":\"WebSite\",\"@id\":\"https:\/\/www.dc-bled.si\/en\/#website\",\"url\":\"https:\/\/www.dc-bled.si\/en\/\",\"name\":\"Diagnosti\\u010dni center Bled\",\"description\":\"Bled, Ljubljana, Novo Mesto\",\"publisher\":{\"@id\":\"https:\/\/www.dc-bled.si\/en\/#organization\"},\"potentialAction\":[{\"@type\":\"SearchAction\",\"target\":\"https:\/\/www.dc-bled.si\/en\/?s={search_term_string}\",\"query-input\":\"required name=search_term_string\"}],\"inLanguage\":\"en-US\"},{\"@type\":\"WebPage\",\"@id\":\"https:\/\/www.dc-bled.si\/en\/clinics\/outpatient-clinic-activity\/ortopedija\/prp-zdravljenje-vnetij-tetiv-zaradi-poskodb-in-zdravljenje-zacetnih-obrab-velikih-sklepov\/#webpage\",\"url\":\"https:\/\/www.dc-bled.si\/en\/clinics\/outpatient-clinic-activity\/ortopedija\/prp-zdravljenje-vnetij-tetiv-zaradi-poskodb-in-zdravljenje-zacetnih-obrab-velikih-sklepov\/\",\"name\":\"PRP - Zdravljenje vnetij tetiv za\\u010detnih obrab velikih sklepov | DC Bled\",\"isPartOf\":{\"@id\":\"https:\/\/www.dc-bled.si\/en\/#website\"},\"datePublished\":\"2019-10-16T13:23:08+00:00\",\"dateModified\":\"2019-12-05T08:40:18+00:00\",\"description\":\"Za aplikacijo hialuronske kisline v sklep (koleno, kolk, gle\\u017eenj) se odlo\\u010dimo, kadar ugotovimo bole\\u010do gibljivost zaradi obrabe sklepa.\",\"breadcrumb\":{\"@id\":\"https:\/\/www.dc-bled.si\/en\/clinics\/outpatient-clinic-activity\/ortopedija\/prp-zdravljenje-vnetij-tetiv-zaradi-poskodb-in-zdravljenje-zacetnih-obrab-velikih-sklepov\/#breadcrumb\"},\"inLanguage\":\"en-US\",\"potentialAction\":[{\"@type\":\"ReadAction\",\"target\":[\"https:\/\/www.dc-bled.si\/en\/clinics\/outpatient-clinic-activity\/ortopedija\/prp-zdravljenje-vnetij-tetiv-zaradi-poskodb-in-zdravljenje-zacetnih-obrab-velikih-sklepov\/\"]}]},{\"@type\":\"BreadcrumbList\",\"@id\":\"https:\/\/www.dc-bled.si\/en\/clinics\/outpatient-clinic-activity\/ortopedija\/prp-zdravljenje-vnetij-tetiv-zaradi-poskodb-in-zdravljenje-zacetnih-obrab-velikih-sklepov\/#breadcrumb\",\"itemListElement\":[{\"@type\":\"ListItem\",\"position\":1,\"item\":{\"@type\":\"WebPage\",\"@id\":\"https:\/\/www.dc-bled.si\/en\/\",\"url\":\"https:\/\/www.dc-bled.si\/en\/\",\"name\":\"DC Bled\"}},{\"@type\":\"ListItem\",\"position\":2,\"item\":{\"@type\":\"WebPage\",\"@id\":\"https:\/\/www.dc-bled.si\/en\/ambulante\/\",\"url\":\"https:\/\/www.dc-bled.si\/en\/ambulante\/\",\"name\":\"Clinics\"}},{\"@type\":\"ListItem\",\"position\":3,\"item\":{\"@type\":\"WebPage\",\"@id\":\"https:\/\/www.dc-bled.si\/en\/ambulante\/ambulantna-dejavnost\/\",\"url\":\"https:\/\/www.dc-bled.si\/en\/ambulante\/ambulantna-dejavnost\/\",\"name\":\"Outpatient clinic activity\"}},{\"@type\":\"ListItem\",\"position\":4,\"item\":{\"@type\":\"WebPage\",\"@id\":\"https:\/\/www.dc-bled.si\/en\/ambulante\/ambulantna-dejavnost\/ortopedija\/\",\"url\":\"https:\/\/www.dc-bled.si\/en\/ambulante\/ambulantna-dejavnost\/ortopedija\/\",\"name\":\"Orthopaedics\"}},{\"@type\":\"ListItem\",\"position\":5,\"item\":{\"@type\":\"WebPage\",\"@id\":\"https:\/\/www.dc-bled.si\/en\/clinics\/outpatient-clinic-activity\/ortopedija\/prp-zdravljenje-vnetij-tetiv-zaradi-poskodb-in-zdravljenje-zacetnih-obrab-velikih-sklepov\/\",\"url\":\"https:\/\/www.dc-bled.si\/en\/clinics\/outpatient-clinic-activity\/ortopedija\/prp-zdravljenje-vnetij-tetiv-zaradi-poskodb-in-zdravljenje-zacetnih-obrab-velikih-sklepov\/\",\"name\":\"Injections of concentrated autologous platelet-rich plasma \\u2013 acp\/prp (autologous conditioned plasma \/ platelet-rich plasma)\"}}]}]}<\/script>\n<!-- \/ Yoast SEO Premium plugin. -->","_links":{"self":[{"href":"https:\/\/www.dc-bled.si\/en\/wp-json\/wp\/v2\/pages\/1928","targetHints":{"allow":["GET"]}}],"collection":[{"href":"https:\/\/www.dc-bled.si\/en\/wp-json\/wp\/v2\/pages"}],"about":[{"href":"https:\/\/www.dc-bled.si\/en\/wp-json\/wp\/v2\/types\/page"}],"author":[{"embeddable":true,"href":"https:\/\/www.dc-bled.si\/en\/wp-json\/wp\/v2\/users\/5"}],"replies":[{"embeddable":true,"href":"https:\/\/www.dc-bled.si\/en\/wp-json\/wp\/v2\/comments?post=1928"}],"version-history":[{"count":7,"href":"https:\/\/www.dc-bled.si\/en\/wp-json\/wp\/v2\/pages\/1928\/revisions"}],"predecessor-version":[{"id":3064,"href":"https:\/\/www.dc-bled.si\/en\/wp-json\/wp\/v2\/pages\/1928\/revisions\/3064"}],"up":[{"embeddable":true,"href":"https:\/\/www.dc-bled.si\/en\/wp-json\/wp\/v2\/pages\/1564"}],"wp:attachment":[{"href":"https:\/\/www.dc-bled.si\/en\/wp-json\/wp\/v2\/media?parent=1928"}],"curies":[{"name":"wp","href":"https:\/\/api.w.org\/{rel}","templated":true}]}}