{"id":1944,"date":"2019-10-16T10:22:22","date_gmt":"2019-10-16T10:22:22","guid":{"rendered":"https:\/\/www.dc-bled.si\/clinics\/outpatient-clinic-activity\/orthopaedics\/ultrazvocno-vodena-punkcija-kalcinacije-rame\/"},"modified":"2021-02-15T08:38:10","modified_gmt":"2021-02-15T08:38:10","slug":"ultrazvocno-vodena-punkcija-kalcinacije-rame","status":"publish","type":"page","link":"https:\/\/www.dc-bled.si\/en\/clinics\/outpatient-clinic-activity\/ortopedija\/ultrazvocno-vodena-punkcija-kalcinacije-rame\/","title":{"rendered":"Ultrasound-guided shoulder puncture"},"content":{"rendered":"","protected":false},"excerpt":{"rendered":"","protected":false},"author":5,"featured_media":0,"parent":1564,"menu_order":0,"comment_status":"closed","ping_status":"closed","template":"","meta":{"_acf_changed":false,"footnotes":""},"class_list":["post-1944","page","type-page","status-publish","hentry"],"acf":[],"yoast_head":"<!-- This site is optimized with the Yoast SEO Premium plugin v14.9 - https:\/\/yoast.com\/wordpress\/plugins\/seo\/ -->\n<title>Ultrasound-guided shoulder puncture | DC Bled<\/title>\n<meta name=\"description\" content=\"Tovrsten poseg priporo\u010damo vsem tistim, ki imajo bole\u010dine na mestu kalcinacije, in sicer \u010dim prej po za\u010detku pojava bole\u010dine.\" \/>\n<meta name=\"robots\" content=\"index, follow, max-snippet:-1, max-image-preview:large, max-video-preview:-1\" \/>\n<link rel=\"canonical\" href=\"https:\/\/www.dc-bled.si\/en\/clinics\/outpatient-clinic-activity\/ortopedija\/ultrazvocno-vodena-punkcija-kalcinacije-rame\/\" \/>\n<meta property=\"og:locale\" content=\"en_US\" \/>\n<meta property=\"og:type\" content=\"article\" \/>\n<meta property=\"og:title\" content=\"Ultrazvo\u010dno vodena punkcija kalcinacije rame | DC Bled\" \/>\n<meta property=\"og:description\" content=\"Tovrsten poseg priporo\u010damo vsem tistim, ki imajo bole\u010dine na mestu kalcinacije, in sicer \u010dim prej po za\u010detku pojava bole\u010dine.\" \/>\n<meta property=\"og:url\" content=\"https:\/\/www.dc-bled.si\/en\/clinics\/outpatient-clinic-activity\/ortopedija\/ultrazvocno-vodena-punkcija-kalcinacije-rame\/\" \/>\n<meta property=\"og:site_name\" content=\"Diagnosti\u010dni center Bled\" \/>\n<meta property=\"article:modified_time\" content=\"2021-02-15T08:38:10+00:00\" \/>\n<meta property=\"og:image\" content=\"https:\/\/www.dc-bled.si\/wp-content\/uploads\/2019\/10\/header-enterologija.jpg\" \/>\n\t<meta property=\"og:image:width\" content=\"1092\" \/>\n\t<meta property=\"og:image:height\" content=\"284\" \/>\n<meta name=\"twitter:card\" content=\"summary_large_image\" \/>\n<script type=\"application\/ld+json\" class=\"yoast-schema-graph\">{\"@context\":\"https:\/\/schema.org\",\"@graph\":[{\"@type\":\"Organization\",\"@id\":\"https:\/\/www.dc-bled.si\/en\/#organization\",\"name\":\"Diagnosti\\u010dni center Bled\",\"url\":\"https:\/\/www.dc-bled.si\/en\/\",\"sameAs\":[],\"logo\":{\"@type\":\"ImageObject\",\"@id\":\"https:\/\/www.dc-bled.si\/en\/#logo\",\"inLanguage\":\"en-US\",\"url\":\"https:\/\/www.dc-bled.si\/wp-content\/uploads\/2019\/09\/dc_bled.svg\",\"width\":483,\"height\":70,\"caption\":\"Diagnosti\\u010dni center Bled\"},\"image\":{\"@id\":\"https:\/\/www.dc-bled.si\/en\/#logo\"}},{\"@type\":\"WebSite\",\"@id\":\"https:\/\/www.dc-bled.si\/en\/#website\",\"url\":\"https:\/\/www.dc-bled.si\/en\/\",\"name\":\"Diagnosti\\u010dni center Bled\",\"description\":\"Bled, Ljubljana, Novo Mesto\",\"publisher\":{\"@id\":\"https:\/\/www.dc-bled.si\/en\/#organization\"},\"potentialAction\":[{\"@type\":\"SearchAction\",\"target\":\"https:\/\/www.dc-bled.si\/en\/?s={search_term_string}\",\"query-input\":\"required name=search_term_string\"}],\"inLanguage\":\"en-US\"},{\"@type\":\"WebPage\",\"@id\":\"https:\/\/www.dc-bled.si\/en\/clinics\/outpatient-clinic-activity\/ortopedija\/ultrazvocno-vodena-punkcija-kalcinacije-rame\/#webpage\",\"url\":\"https:\/\/www.dc-bled.si\/en\/clinics\/outpatient-clinic-activity\/ortopedija\/ultrazvocno-vodena-punkcija-kalcinacije-rame\/\",\"name\":\"Ultrasound-guided shoulder puncture | DC Bled\",\"isPartOf\":{\"@id\":\"https:\/\/www.dc-bled.si\/en\/#website\"},\"datePublished\":\"2019-10-16T10:22:22+00:00\",\"dateModified\":\"2021-02-15T08:38:10+00:00\",\"description\":\"Tovrsten poseg priporo\\u010damo vsem tistim, ki imajo bole\\u010dine na mestu kalcinacije, in sicer \\u010dim prej po za\\u010detku pojava bole\\u010dine.\",\"breadcrumb\":{\"@id\":\"https:\/\/www.dc-bled.si\/en\/clinics\/outpatient-clinic-activity\/ortopedija\/ultrazvocno-vodena-punkcija-kalcinacije-rame\/#breadcrumb\"},\"inLanguage\":\"en-US\",\"potentialAction\":[{\"@type\":\"ReadAction\",\"target\":[\"https:\/\/www.dc-bled.si\/en\/clinics\/outpatient-clinic-activity\/ortopedija\/ultrazvocno-vodena-punkcija-kalcinacije-rame\/\"]}]},{\"@type\":\"BreadcrumbList\",\"@id\":\"https:\/\/www.dc-bled.si\/en\/clinics\/outpatient-clinic-activity\/ortopedija\/ultrazvocno-vodena-punkcija-kalcinacije-rame\/#breadcrumb\",\"itemListElement\":[{\"@type\":\"ListItem\",\"position\":1,\"item\":{\"@type\":\"WebPage\",\"@id\":\"https:\/\/www.dc-bled.si\/en\/\",\"url\":\"https:\/\/www.dc-bled.si\/en\/\",\"name\":\"DC Bled\"}},{\"@type\":\"ListItem\",\"position\":2,\"item\":{\"@type\":\"WebPage\",\"@id\":\"https:\/\/www.dc-bled.si\/en\/ambulante\/\",\"url\":\"https:\/\/www.dc-bled.si\/en\/ambulante\/\",\"name\":\"Clinics\"}},{\"@type\":\"ListItem\",\"position\":3,\"item\":{\"@type\":\"WebPage\",\"@id\":\"https:\/\/www.dc-bled.si\/en\/ambulante\/ambulantna-dejavnost\/\",\"url\":\"https:\/\/www.dc-bled.si\/en\/ambulante\/ambulantna-dejavnost\/\",\"name\":\"Outpatient clinic activity\"}},{\"@type\":\"ListItem\",\"position\":4,\"item\":{\"@type\":\"WebPage\",\"@id\":\"https:\/\/www.dc-bled.si\/en\/ambulante\/ambulantna-dejavnost\/ortopedija\/\",\"url\":\"https:\/\/www.dc-bled.si\/en\/ambulante\/ambulantna-dejavnost\/ortopedija\/\",\"name\":\"Orthopaedics\"}},{\"@type\":\"ListItem\",\"position\":5,\"item\":{\"@type\":\"WebPage\",\"@id\":\"https:\/\/www.dc-bled.si\/en\/clinics\/outpatient-clinic-activity\/ortopedija\/ultrazvocno-vodena-punkcija-kalcinacije-rame\/\",\"url\":\"https:\/\/www.dc-bled.si\/en\/clinics\/outpatient-clinic-activity\/ortopedija\/ultrazvocno-vodena-punkcija-kalcinacije-rame\/\",\"name\":\"Ultrasound-guided shoulder puncture\"}}]}]}<\/script>\n<!-- \/ Yoast SEO Premium plugin. -->","_links":{"self":[{"href":"https:\/\/www.dc-bled.si\/en\/wp-json\/wp\/v2\/pages\/1944","targetHints":{"allow":["GET"]}}],"collection":[{"href":"https:\/\/www.dc-bled.si\/en\/wp-json\/wp\/v2\/pages"}],"about":[{"href":"https:\/\/www.dc-bled.si\/en\/wp-json\/wp\/v2\/types\/page"}],"author":[{"embeddable":true,"href":"https:\/\/www.dc-bled.si\/en\/wp-json\/wp\/v2\/users\/5"}],"replies":[{"embeddable":true,"href":"https:\/\/www.dc-bled.si\/en\/wp-json\/wp\/v2\/comments?post=1944"}],"version-history":[{"count":8,"href":"https:\/\/www.dc-bled.si\/en\/wp-json\/wp\/v2\/pages\/1944\/revisions"}],"predecessor-version":[{"id":4888,"href":"https:\/\/www.dc-bled.si\/en\/wp-json\/wp\/v2\/pages\/1944\/revisions\/4888"}],"up":[{"embeddable":true,"href":"https:\/\/www.dc-bled.si\/en\/wp-json\/wp\/v2\/pages\/1564"}],"wp:attachment":[{"href":"https:\/\/www.dc-bled.si\/en\/wp-json\/wp\/v2\/media?parent=1944"}],"curies":[{"name":"wp","href":"https:\/\/api.w.org\/{rel}","templated":true}]}}