{"id":2368,"date":"2019-09-20T11:16:10","date_gmt":"2019-09-20T11:16:10","guid":{"rendered":"https:\/\/www.dc-bled.si\/o-nas\/skupina-dc-bled\/"},"modified":"2022-07-08T10:40:18","modified_gmt":"2022-07-08T10:40:18","slug":"dc-bled-group","status":"publish","type":"page","link":"https:\/\/www.dc-bled.si\/en\/dc-bled-group\/","title":{"rendered":"Diagnosti\u010dni center Bled Group"},"content":{"rendered":"","protected":false},"excerpt":{"rendered":"","protected":false},"author":2,"featured_media":0,"parent":0,"menu_order":0,"comment_status":"closed","ping_status":"closed","template":"","meta":{"_acf_changed":false,"footnotes":""},"class_list":["post-2368","page","type-page","status-publish","hentry"],"acf":[],"yoast_head":"<!-- This site is optimized with the Yoast SEO Premium plugin v14.9 - https:\/\/yoast.com\/wordpress\/plugins\/seo\/ -->\n<title>Diagnosti\u010dni center Bled Group | DC Bled - najve\u010dji diagnosti\u010dni center v Sloveniji<\/title>\n<meta name=\"description\" content=\"The Diagnosti\u010dni center Bled Group strives to become the biggest network of diagnostic centers, approaching health check-ups to people all around Slovenia.\" \/>\n<meta name=\"robots\" content=\"index, follow, max-snippet:-1, max-image-preview:large, max-video-preview:-1\" \/>\n<link rel=\"canonical\" href=\"https:\/\/www.dc-bled.si\/en\/dc-bled-group\/\" \/>\n<meta property=\"og:locale\" content=\"en_US\" \/>\n<meta property=\"og:type\" content=\"article\" \/>\n<meta property=\"og:title\" content=\"Skupina DC Bled | DC Bled - najve\u010dji diagnosti\u010dni center v Sloveniji\" \/>\n<meta property=\"og:description\" content=\"Skupina Diagnosti\u010dni center Bled \u017eeli postati najve\u010dja mre\u017ea diagnosti\u010dnih centrov, ki bo pribli\u017eala zdravstvene preglede ljudem po celotni Sloveniji.\" \/>\n<meta property=\"og:url\" content=\"https:\/\/www.dc-bled.si\/en\/dc-bled-group\/\" \/>\n<meta property=\"og:site_name\" content=\"Diagnosti\u010dni center Bled\" \/>\n<meta property=\"article:modified_time\" content=\"2022-07-08T10:40:18+00:00\" \/>\n<meta property=\"og:image\" content=\"https:\/\/www.dc-bled.si\/wp-content\/uploads\/2023\/01\/og-logo.jpg\" \/>\n\t<meta property=\"og:image:width\" content=\"1200\" \/>\n\t<meta property=\"og:image:height\" content=\"630\" \/>\n<meta name=\"twitter:card\" content=\"summary_large_image\" \/>\n<script type=\"application\/ld+json\" class=\"yoast-schema-graph\">{\"@context\":\"https:\/\/schema.org\",\"@graph\":[{\"@type\":\"Organization\",\"@id\":\"https:\/\/www.dc-bled.si\/en\/#organization\",\"name\":\"Diagnosti\\u010dni center Bled\",\"url\":\"https:\/\/www.dc-bled.si\/en\/\",\"sameAs\":[],\"logo\":{\"@type\":\"ImageObject\",\"@id\":\"https:\/\/www.dc-bled.si\/en\/#logo\",\"inLanguage\":\"en-US\",\"url\":\"https:\/\/www.dc-bled.si\/wp-content\/uploads\/2019\/09\/dc_bled.svg\",\"width\":483,\"height\":70,\"caption\":\"Diagnosti\\u010dni center Bled\"},\"image\":{\"@id\":\"https:\/\/www.dc-bled.si\/en\/#logo\"}},{\"@type\":\"WebSite\",\"@id\":\"https:\/\/www.dc-bled.si\/en\/#website\",\"url\":\"https:\/\/www.dc-bled.si\/en\/\",\"name\":\"Diagnosti\\u010dni center Bled\",\"description\":\"Bled, Ljubljana, Novo Mesto\",\"publisher\":{\"@id\":\"https:\/\/www.dc-bled.si\/en\/#organization\"},\"potentialAction\":[{\"@type\":\"SearchAction\",\"target\":\"https:\/\/www.dc-bled.si\/en\/?s={search_term_string}\",\"query-input\":\"required name=search_term_string\"}],\"inLanguage\":\"en-US\"},{\"@type\":\"WebPage\",\"@id\":\"https:\/\/www.dc-bled.si\/en\/dc-bled-group\/#webpage\",\"url\":\"https:\/\/www.dc-bled.si\/en\/dc-bled-group\/\",\"name\":\"Diagnosti\\u010dni center Bled Group | DC Bled - najve\\u010dji diagnosti\\u010dni center v Sloveniji\",\"isPartOf\":{\"@id\":\"https:\/\/www.dc-bled.si\/en\/#website\"},\"datePublished\":\"2019-09-20T11:16:10+00:00\",\"dateModified\":\"2022-07-08T10:40:18+00:00\",\"description\":\"The Diagnosti\\u010dni center Bled Group strives to become the biggest network of diagnostic centers, approaching health check-ups to people all around Slovenia.\",\"breadcrumb\":{\"@id\":\"https:\/\/www.dc-bled.si\/en\/dc-bled-group\/#breadcrumb\"},\"inLanguage\":\"en-US\",\"potentialAction\":[{\"@type\":\"ReadAction\",\"target\":[\"https:\/\/www.dc-bled.si\/en\/dc-bled-group\/\"]}]},{\"@type\":\"BreadcrumbList\",\"@id\":\"https:\/\/www.dc-bled.si\/en\/dc-bled-group\/#breadcrumb\",\"itemListElement\":[{\"@type\":\"ListItem\",\"position\":1,\"item\":{\"@type\":\"WebPage\",\"@id\":\"https:\/\/www.dc-bled.si\/en\/\",\"url\":\"https:\/\/www.dc-bled.si\/en\/\",\"name\":\"DC Bled\"}},{\"@type\":\"ListItem\",\"position\":2,\"item\":{\"@type\":\"WebPage\",\"@id\":\"https:\/\/www.dc-bled.si\/en\/dc-bled-group\/\",\"url\":\"https:\/\/www.dc-bled.si\/en\/dc-bled-group\/\",\"name\":\"Diagnosti\\u010dni center Bled Group\"}}]}]}<\/script>\n<!-- \/ Yoast SEO Premium plugin. -->","_links":{"self":[{"href":"https:\/\/www.dc-bled.si\/en\/wp-json\/wp\/v2\/pages\/2368","targetHints":{"allow":["GET"]}}],"collection":[{"href":"https:\/\/www.dc-bled.si\/en\/wp-json\/wp\/v2\/pages"}],"about":[{"href":"https:\/\/www.dc-bled.si\/en\/wp-json\/wp\/v2\/types\/page"}],"author":[{"embeddable":true,"href":"https:\/\/www.dc-bled.si\/en\/wp-json\/wp\/v2\/users\/2"}],"replies":[{"embeddable":true,"href":"https:\/\/www.dc-bled.si\/en\/wp-json\/wp\/v2\/comments?post=2368"}],"version-history":[{"count":25,"href":"https:\/\/www.dc-bled.si\/en\/wp-json\/wp\/v2\/pages\/2368\/revisions"}],"predecessor-version":[{"id":36081,"href":"https:\/\/www.dc-bled.si\/en\/wp-json\/wp\/v2\/pages\/2368\/revisions\/36081"}],"wp:attachment":[{"href":"https:\/\/www.dc-bled.si\/en\/wp-json\/wp\/v2\/media?parent=2368"}],"curies":[{"name":"wp","href":"https:\/\/api.w.org\/{rel}","templated":true}]}}