{"id":2847,"date":"2019-10-17T07:17:22","date_gmt":"2019-10-17T07:17:22","guid":{"rendered":"https:\/\/www.dc-bled.si\/obdelava-osebnih-podatkov\/"},"modified":"2020-02-17T11:47:34","modified_gmt":"2020-02-17T11:47:34","slug":"privacy-policy","status":"publish","type":"page","link":"https:\/\/www.dc-bled.si\/en\/privacy-policy\/","title":{"rendered":"Privacy policy"},"content":{"rendered":"","protected":false},"excerpt":{"rendered":"","protected":false},"author":5,"featured_media":0,"parent":0,"menu_order":0,"comment_status":"closed","ping_status":"closed","template":"","meta":{"_acf_changed":false,"footnotes":""},"class_list":["post-2847","page","type-page","status-publish","hentry"],"acf":[],"yoast_head":"<!-- This site is optimized with the Yoast SEO Premium plugin v14.9 - https:\/\/yoast.com\/wordpress\/plugins\/seo\/ -->\n<title>Privacy policy | Diagnosti\u010dni center Bled<\/title>\n<meta name=\"description\" content=\"V procesu na\u0161ega sodelovanja ste nam zaupali dolo\u010dene osebne podatke. Z osebnimi podatki ravnamo z najve\u010djo skrbnostjo in upo\u0161tevamo veljavno zakonodajo.\" \/>\n<meta name=\"robots\" content=\"index, follow, max-snippet:-1, max-image-preview:large, max-video-preview:-1\" \/>\n<link rel=\"canonical\" href=\"https:\/\/www.dc-bled.si\/en\/privacy-policy\/\" \/>\n<meta property=\"og:locale\" content=\"en_US\" \/>\n<meta property=\"og:type\" content=\"article\" \/>\n<meta property=\"og:title\" content=\"Obdelava osebnih podatkov | DC Bled - najve\u010dji diagnosti\u010dni center v Sloveniji\" \/>\n<meta property=\"og:description\" content=\"V procesu na\u0161ega sodelovanja ste nam zaupali dolo\u010dene osebne podatke. Z osebnimi podatki ravnamo z najve\u010djo skrbnostjo in upo\u0161tevamo veljavno zakonodajo.\" \/>\n<meta property=\"og:url\" content=\"https:\/\/www.dc-bled.si\/en\/privacy-policy\/\" \/>\n<meta property=\"og:site_name\" content=\"Diagnosti\u010dni center Bled\" \/>\n<meta property=\"article:modified_time\" content=\"2020-02-17T11:47:34+00:00\" \/>\n<meta property=\"og:image\" content=\"https:\/\/www.dc-bled.si\/wp-content\/uploads\/2023\/01\/og-logo.jpg\" \/>\n\t<meta property=\"og:image:width\" content=\"1200\" \/>\n\t<meta property=\"og:image:height\" content=\"630\" \/>\n<meta name=\"twitter:card\" content=\"summary_large_image\" \/>\n<script type=\"application\/ld+json\" class=\"yoast-schema-graph\">{\"@context\":\"https:\/\/schema.org\",\"@graph\":[{\"@type\":\"Organization\",\"@id\":\"https:\/\/www.dc-bled.si\/en\/#organization\",\"name\":\"Diagnosti\\u010dni center Bled\",\"url\":\"https:\/\/www.dc-bled.si\/en\/\",\"sameAs\":[],\"logo\":{\"@type\":\"ImageObject\",\"@id\":\"https:\/\/www.dc-bled.si\/en\/#logo\",\"inLanguage\":\"en-US\",\"url\":\"https:\/\/www.dc-bled.si\/wp-content\/uploads\/2019\/09\/dc_bled.svg\",\"width\":483,\"height\":70,\"caption\":\"Diagnosti\\u010dni center Bled\"},\"image\":{\"@id\":\"https:\/\/www.dc-bled.si\/en\/#logo\"}},{\"@type\":\"WebSite\",\"@id\":\"https:\/\/www.dc-bled.si\/en\/#website\",\"url\":\"https:\/\/www.dc-bled.si\/en\/\",\"name\":\"Diagnosti\\u010dni center Bled\",\"description\":\"Bled, Ljubljana, Novo Mesto\",\"publisher\":{\"@id\":\"https:\/\/www.dc-bled.si\/en\/#organization\"},\"potentialAction\":[{\"@type\":\"SearchAction\",\"target\":\"https:\/\/www.dc-bled.si\/en\/?s={search_term_string}\",\"query-input\":\"required name=search_term_string\"}],\"inLanguage\":\"en-US\"},{\"@type\":\"WebPage\",\"@id\":\"https:\/\/www.dc-bled.si\/en\/privacy-policy\/#webpage\",\"url\":\"https:\/\/www.dc-bled.si\/en\/privacy-policy\/\",\"name\":\"Privacy policy | Diagnosti\\u010dni center Bled\",\"isPartOf\":{\"@id\":\"https:\/\/www.dc-bled.si\/en\/#website\"},\"datePublished\":\"2019-10-17T07:17:22+00:00\",\"dateModified\":\"2020-02-17T11:47:34+00:00\",\"description\":\"V procesu na\\u0161ega sodelovanja ste nam zaupali dolo\\u010dene osebne podatke. Z osebnimi podatki ravnamo z najve\\u010djo skrbnostjo in upo\\u0161tevamo veljavno zakonodajo.\",\"breadcrumb\":{\"@id\":\"https:\/\/www.dc-bled.si\/en\/privacy-policy\/#breadcrumb\"},\"inLanguage\":\"en-US\",\"potentialAction\":[{\"@type\":\"ReadAction\",\"target\":[\"https:\/\/www.dc-bled.si\/en\/privacy-policy\/\"]}]},{\"@type\":\"BreadcrumbList\",\"@id\":\"https:\/\/www.dc-bled.si\/en\/privacy-policy\/#breadcrumb\",\"itemListElement\":[{\"@type\":\"ListItem\",\"position\":1,\"item\":{\"@type\":\"WebPage\",\"@id\":\"https:\/\/www.dc-bled.si\/en\/\",\"url\":\"https:\/\/www.dc-bled.si\/en\/\",\"name\":\"DC Bled\"}},{\"@type\":\"ListItem\",\"position\":2,\"item\":{\"@type\":\"WebPage\",\"@id\":\"https:\/\/www.dc-bled.si\/en\/privacy-policy\/\",\"url\":\"https:\/\/www.dc-bled.si\/en\/privacy-policy\/\",\"name\":\"Privacy policy\"}}]}]}<\/script>\n<!-- \/ Yoast SEO Premium plugin. -->","_links":{"self":[{"href":"https:\/\/www.dc-bled.si\/en\/wp-json\/wp\/v2\/pages\/2847","targetHints":{"allow":["GET"]}}],"collection":[{"href":"https:\/\/www.dc-bled.si\/en\/wp-json\/wp\/v2\/pages"}],"about":[{"href":"https:\/\/www.dc-bled.si\/en\/wp-json\/wp\/v2\/types\/page"}],"author":[{"embeddable":true,"href":"https:\/\/www.dc-bled.si\/en\/wp-json\/wp\/v2\/users\/5"}],"replies":[{"embeddable":true,"href":"https:\/\/www.dc-bled.si\/en\/wp-json\/wp\/v2\/comments?post=2847"}],"version-history":[{"count":1,"href":"https:\/\/www.dc-bled.si\/en\/wp-json\/wp\/v2\/pages\/2847\/revisions"}],"predecessor-version":[{"id":2848,"href":"https:\/\/www.dc-bled.si\/en\/wp-json\/wp\/v2\/pages\/2847\/revisions\/2848"}],"wp:attachment":[{"href":"https:\/\/www.dc-bled.si\/en\/wp-json\/wp\/v2\/media?parent=2847"}],"curies":[{"name":"wp","href":"https:\/\/api.w.org\/{rel}","templated":true}]}}