{"id":2851,"date":"2019-10-17T07:11:12","date_gmt":"2019-10-17T07:11:12","guid":{"rendered":"https:\/\/www.dc-bled.si\/o-piskotkih\/"},"modified":"2020-02-17T11:50:32","modified_gmt":"2020-02-17T11:50:32","slug":"cookies","status":"publish","type":"page","link":"https:\/\/www.dc-bled.si\/en\/cookies\/","title":{"rendered":"Cookies"},"content":{"rendered":"","protected":false},"excerpt":{"rendered":"","protected":false},"author":5,"featured_media":0,"parent":0,"menu_order":0,"comment_status":"closed","ping_status":"closed","template":"","meta":{"_acf_changed":false,"footnotes":""},"class_list":["post-2851","page","type-page","status-publish","hentry"],"acf":[],"yoast_head":"<!-- This site is optimized with the Yoast SEO Premium plugin v14.9 - https:\/\/yoast.com\/wordpress\/plugins\/seo\/ -->\n<title>Cookies | DC Bled - najve\u010dji diagnosti\u010dni center v Sloveniji<\/title>\n<meta name=\"description\" content=\"Pi\u0161kotki so besedilne datoteke, v katere se zapi\u0161ejo podatki o obisku spletne strani. Interakcija med uporabnikom in stranjo je hitrej\u0161a in enostavnej\u0161a.\" \/>\n<meta name=\"robots\" content=\"index, follow, max-snippet:-1, max-image-preview:large, max-video-preview:-1\" \/>\n<link rel=\"canonical\" href=\"https:\/\/www.dc-bled.si\/en\/cookies\/\" \/>\n<meta property=\"og:locale\" content=\"en_US\" \/>\n<meta property=\"og:type\" content=\"article\" \/>\n<meta property=\"og:title\" content=\"O pi\u0161kotkih | DC Bled - najve\u010dji diagnosti\u010dni center v Sloveniji\" \/>\n<meta property=\"og:description\" content=\"Pi\u0161kotki so male besedilne datoteke, v katere se zapi\u0161ejo podatki o obisku spletne strani. Interakcija med spletnim uporabnikom in spletno stranjo je s pomo\u010djo pi\u0161kotkov hitrej\u0161a in enostavnej\u0161a.\" \/>\n<meta property=\"og:url\" content=\"https:\/\/www.dc-bled.si\/en\/cookies\/\" \/>\n<meta property=\"og:site_name\" content=\"Diagnosti\u010dni center Bled\" \/>\n<meta property=\"article:modified_time\" content=\"2020-02-17T11:50:32+00:00\" \/>\n<meta property=\"og:image\" content=\"https:\/\/www.dc-bled.si\/wp-content\/uploads\/2023\/01\/og-logo.jpg\" \/>\n\t<meta property=\"og:image:width\" content=\"1200\" \/>\n\t<meta property=\"og:image:height\" content=\"630\" \/>\n<meta name=\"twitter:card\" content=\"summary_large_image\" \/>\n<script type=\"application\/ld+json\" class=\"yoast-schema-graph\">{\"@context\":\"https:\/\/schema.org\",\"@graph\":[{\"@type\":\"Organization\",\"@id\":\"https:\/\/www.dc-bled.si\/en\/#organization\",\"name\":\"Diagnosti\\u010dni center Bled\",\"url\":\"https:\/\/www.dc-bled.si\/en\/\",\"sameAs\":[],\"logo\":{\"@type\":\"ImageObject\",\"@id\":\"https:\/\/www.dc-bled.si\/en\/#logo\",\"inLanguage\":\"en-US\",\"url\":\"https:\/\/www.dc-bled.si\/wp-content\/uploads\/2019\/09\/dc_bled.svg\",\"width\":483,\"height\":70,\"caption\":\"Diagnosti\\u010dni center Bled\"},\"image\":{\"@id\":\"https:\/\/www.dc-bled.si\/en\/#logo\"}},{\"@type\":\"WebSite\",\"@id\":\"https:\/\/www.dc-bled.si\/en\/#website\",\"url\":\"https:\/\/www.dc-bled.si\/en\/\",\"name\":\"Diagnosti\\u010dni center Bled\",\"description\":\"Bled, Ljubljana, Novo Mesto\",\"publisher\":{\"@id\":\"https:\/\/www.dc-bled.si\/en\/#organization\"},\"potentialAction\":[{\"@type\":\"SearchAction\",\"target\":\"https:\/\/www.dc-bled.si\/en\/?s={search_term_string}\",\"query-input\":\"required name=search_term_string\"}],\"inLanguage\":\"en-US\"},{\"@type\":\"WebPage\",\"@id\":\"https:\/\/www.dc-bled.si\/en\/cookies\/#webpage\",\"url\":\"https:\/\/www.dc-bled.si\/en\/cookies\/\",\"name\":\"Cookies | DC Bled - najve\\u010dji diagnosti\\u010dni center v Sloveniji\",\"isPartOf\":{\"@id\":\"https:\/\/www.dc-bled.si\/en\/#website\"},\"datePublished\":\"2019-10-17T07:11:12+00:00\",\"dateModified\":\"2020-02-17T11:50:32+00:00\",\"description\":\"Pi\\u0161kotki so besedilne datoteke, v katere se zapi\\u0161ejo podatki o obisku spletne strani. Interakcija med uporabnikom in stranjo je hitrej\\u0161a in enostavnej\\u0161a.\",\"breadcrumb\":{\"@id\":\"https:\/\/www.dc-bled.si\/en\/cookies\/#breadcrumb\"},\"inLanguage\":\"en-US\",\"potentialAction\":[{\"@type\":\"ReadAction\",\"target\":[\"https:\/\/www.dc-bled.si\/en\/cookies\/\"]}]},{\"@type\":\"BreadcrumbList\",\"@id\":\"https:\/\/www.dc-bled.si\/en\/cookies\/#breadcrumb\",\"itemListElement\":[{\"@type\":\"ListItem\",\"position\":1,\"item\":{\"@type\":\"WebPage\",\"@id\":\"https:\/\/www.dc-bled.si\/en\/\",\"url\":\"https:\/\/www.dc-bled.si\/en\/\",\"name\":\"DC Bled\"}},{\"@type\":\"ListItem\",\"position\":2,\"item\":{\"@type\":\"WebPage\",\"@id\":\"https:\/\/www.dc-bled.si\/en\/cookies\/\",\"url\":\"https:\/\/www.dc-bled.si\/en\/cookies\/\",\"name\":\"Cookies\"}}]}]}<\/script>\n<!-- \/ Yoast SEO Premium plugin. -->","_links":{"self":[{"href":"https:\/\/www.dc-bled.si\/en\/wp-json\/wp\/v2\/pages\/2851","targetHints":{"allow":["GET"]}}],"collection":[{"href":"https:\/\/www.dc-bled.si\/en\/wp-json\/wp\/v2\/pages"}],"about":[{"href":"https:\/\/www.dc-bled.si\/en\/wp-json\/wp\/v2\/types\/page"}],"author":[{"embeddable":true,"href":"https:\/\/www.dc-bled.si\/en\/wp-json\/wp\/v2\/users\/5"}],"replies":[{"embeddable":true,"href":"https:\/\/www.dc-bled.si\/en\/wp-json\/wp\/v2\/comments?post=2851"}],"version-history":[{"count":2,"href":"https:\/\/www.dc-bled.si\/en\/wp-json\/wp\/v2\/pages\/2851\/revisions"}],"predecessor-version":[{"id":3357,"href":"https:\/\/www.dc-bled.si\/en\/wp-json\/wp\/v2\/pages\/2851\/revisions\/3357"}],"wp:attachment":[{"href":"https:\/\/www.dc-bled.si\/en\/wp-json\/wp\/v2\/media?parent=2851"}],"curies":[{"name":"wp","href":"https:\/\/api.w.org\/{rel}","templated":true}]}}